{"id":67,"date":"2023-01-26T21:31:27","date_gmt":"2023-01-26T21:31:27","guid":{"rendered":"https:\/\/ifscom.com\/?page_id=67"},"modified":"2026-04-29T08:52:14","modified_gmt":"2026-04-29T08:52:14","slug":"commitee-math","status":"publish","type":"page","link":"https:\/\/ifscom.com\/?page_id=67","title":{"rendered":"COMMITEE"},"content":{"rendered":"\n<p><strong>Honorary Chairman<\/strong><\/p>\n\n\n\n<p>Erol Ya\u015far (Rector) Prof. Dr. Mersin University T\u00fcrkiye<\/p>\n\n\n\n<p><strong>Chairman<\/strong><\/p>\n\n\n\n<p>G\u00f6khan \u00c7uvalc\u0131o\u011flu Assoc. Prof. Dr. Mersin University T\u00fcrkiye<\/p>\n\n\n\n<p>Mehmet \u00c7itil Assoc. Prof. Dr. Kahramanmara\u015f S\u00fct\u00e7\u00fc \u0130mam University T\u00fcrkiye<\/p>\n\n\n\n<p><strong>Scientific Committee<\/strong><\/p>\n\n\n\n<p>Abdullah Alazemi (KW) Prof. Dr. Kuwait University Kuwait<\/p>\n\n\n\n<p>Bijan Davvaz (IR) Prof. Dr. Yazd University Iran<\/p>\n\n\n\n<p>Carlos M. da Fonseca (KW) Prof. Dr. Kuwait College of Science and Technology Kuwait<\/p>\n\n\n\n<p>Ekrem Kad\u0131o\u011flu (TR) Prof. Dr. Atat\u00fcrk University T\u00fcrkiye<\/p>\n\n\n\n<p>Evdokia Sotirova (BG) Prof. Dr. Burgas Asen Zlatarov University Bulgaria<\/p>\n\n\n\n<p>Hamza Menken (TR) Prof. Dr. Mersin University T\u00fcrkiye<\/p>\n\n\n\n<p>Janusz Kacprzyk (PL) Prof. Dr. Systems Research Institute Polish Academy of Sciences Poland<\/p>\n\n\n\n<p>Krassimir Atanassov (BG) Prof. Dr. Institute of Biophysics and Biomedical Engineering Bulgarian<\/p>\n\n\n\n<p>Latif Abdel Malek Hanna (KW) Assoc. Prof. Dr. Kuwait University Kuwait<\/p>\n\n\n\n<p>Lois Aime Fono (CM) Prof. Dr. Universit\u00e9 de Douala Cameroon<\/p>\n\n\n\n<p>Madhumangal Pal (IN) Prof. Dr. Vidyasagar University India<\/p>\n\n\n\n<p>Mehmet \u00c7itil (TR) Assoc. Prof. Dr. Kahramanmara\u015f S\u00fct\u00e7\u00fc \u0130mam University T\u00fcrkiye<\/p>\n\n\n\n<p>M\u2019hamed Elomari (MA) Assis. Prof. Dr. Sultan Moulay Slimane University Morocco<\/p>\n\n\n\n<p>Milica Andelic (KW) Assoc. Prof. Dr. Kuwait University Kuwait<\/p>\n\n\n\n<p>Murat G\u00fczeltepe (TR) Prof. Dr. Sakarya University T\u00fcrkiye<\/p>\n\n\n\n<p>Nazar \u015eahin \u00d6\u011f\u00fc\u015fl\u00fc (TR) Do\u00e7. Dr. \u00c7ukurova \u00dcniversitesi T\u00fcrkiye<\/p>\n\n\n\n<p>Kyriakos Papadopoulos (KW) Assoc. Prof. Dr. Kuwait University Kuwait<\/p>\n\n\n\n<p>Oscar Castillo (MX) Prof. Dr. Tijuana Institute of Technology Mexico<\/p>\n\n\n\n<p>Panagiotis Chountas (UK) Dr. University of Westminster England<\/p>\n\n\n\n<p>Piotr Nowak (PL) Assoc. Prof. Dr. Institute of Mathematics of the Polish Academy of Sciences Poland<\/p>\n\n\n\n<p>Paramajit Kumar (IN) Principal at collage Collage India<\/p>\n\n\n\n<p>Said Melliani (MA) Prof. Dr. &nbsp;Sultan Moulay Slimane University Morocco<\/p>\n\n\n\n<p>Sotir Sotirov (BG) Prof. Dr. Asen Zlatrov University Bulgaria<\/p>\n\n\n\n<p>\u015eehmus F\u0131nd\u0131k (TR) Prof. Dr. \u00c7ukurova University Turkey<\/p>\n\n\n\n<p>\u015e\u00fckran Konca (TR) Prof. Dr. Bak\u0131r\u00e7ay University Turkey<\/p>\n\n\n\n<p>Taekyun Kim (KR) Prof. Dr. Kwangwoon University South Korea<\/p>\n\n\n\n<p>Vassia Atanassova (BG) Assoc. Prof. Institute of Biophysics and Biomedical Engineering Bulgaria<\/p>\n\n\n\n<p>Maya Alt\u0131nok (TR)Assist. Prof. Tarsus University Turkey<\/p>\n\n\n\n<p>Serap \u015eahinkaya (TR) Prof. Dr. Tarsus University Turkey<\/p>\n\n\n\n<p><strong>Reviewers<\/strong><\/p>\n\n\n\n<p>Abdullah Alazemi Prof. Dr. Kuwait University Kuwait<\/p>\n\n\n\n<p>Ekrem Kad\u0131o\u011flu Prof. Dr. Atat\u00fcrk University T\u00fcrkiye<\/p>\n\n\n\n<p>Said Melliani Prof. Dr. &nbsp;Sultan Moulay Slimane University Morocco<\/p>\n\n\n\n<p><strong>Local Organization Committee<\/strong><\/p>\n\n\n\n<p>Feride Tu\u011frul Assist. Prof. Munzur University T\u00fcrkiye<\/p>\n\n\n\n<p>Sinem Tarsuslu Assist. Prof. Tarsus University T\u00fcrkiye<\/p>\n\n\n\n<p>Arif Bal Dr. Mersin University T\u00fcrkiye<\/p>\n\n\n\n<p>\u015eeyda Sezgek Dr. Mersin University T\u00fcrkiye<\/p>\n\n\n\n<p>Orhan Di\u015fkaya Dr. Mersin University T\u00fcrkiye<\/p>\n\n\n\n<p>Dilara G\u00fcndo\u011fdu PhD student Mersin University T\u00fcrkiye<\/p>\n","protected":false},"excerpt":{"rendered":"<p>Honorary Chairman Erol Ya\u015far (Rector) Prof. Dr. Mersin University T\u00fcrkiye Chairman G\u00f6khan \u00c7uvalc\u0131o\u011flu Assoc. Prof. Dr. Mersin University T\u00fcrkiye Mehmet \u00c7itil Assoc. Prof. Dr. Kahramanmara\u015f S\u00fct\u00e7\u00fc \u0130mam University T\u00fcrkiye Scientific &hellip; <\/p>\n","protected":false},"author":1,"featured_media":0,"parent":0,"menu_order":0,"comment_status":"closed","ping_status":"closed","template":"","meta":{"footnotes":""},"class_list":["post-67","page","type-page","status-publish","hentry"],"_links":{"self":[{"href":"https:\/\/ifscom.com\/index.php?rest_route=\/wp\/v2\/pages\/67","targetHints":{"allow":["GET"]}}],"collection":[{"href":"https:\/\/ifscom.com\/index.php?rest_route=\/wp\/v2\/pages"}],"about":[{"href":"https:\/\/ifscom.com\/index.php?rest_route=\/wp\/v2\/types\/page"}],"author":[{"embeddable":true,"href":"https:\/\/ifscom.com\/index.php?rest_route=\/wp\/v2\/users\/1"}],"replies":[{"embeddable":true,"href":"https:\/\/ifscom.com\/index.php?rest_route=%2Fwp%2Fv2%2Fcomments&post=67"}],"version-history":[{"count":22,"href":"https:\/\/ifscom.com\/index.php?rest_route=\/wp\/v2\/pages\/67\/revisions"}],"predecessor-version":[{"id":688,"href":"https:\/\/ifscom.com\/index.php?rest_route=\/wp\/v2\/pages\/67\/revisions\/688"}],"wp:attachment":[{"href":"https:\/\/ifscom.com\/index.php?rest_route=%2Fwp%2Fv2%2Fmedia&parent=67"}],"curies":[{"name":"wp","href":"https:\/\/api.w.org\/{rel}","templated":true}]}}