{"id":506,"date":"2024-07-03T01:26:00","date_gmt":"2024-07-03T01:26:00","guid":{"rendered":"https:\/\/ifscom.com\/?page_id=506"},"modified":"2024-07-03T01:26:00","modified_gmt":"2024-07-03T01:26:00","slug":"onemli-bilgiler","status":"publish","type":"page","link":"https:\/\/ifscom.com\/?page_id=506","title":{"rendered":"\u00d6nemli Bilgiler"},"content":{"rendered":"\n<p>Kay\u0131t formu yaln\u0131zca sunum yapan yazar taraf\u0131ndan doldurulacakt\u0131r.<br>Kat\u0131l\u0131m belgesi sunumu yapan kat\u0131l\u0131mc\u0131 ad\u0131na d\u00fczenlenecektir.<br>\u00c7al\u0131\u015fman\u0131n t\u00fcm yazarlar\u0131n\u0131n isimleri kat\u0131l\u0131m belgesinde yer alacakt\u0131r.<br>Yaln\u0131zca kay\u0131t formuyla yap\u0131lan ba\u015fvurular kabul edilecektir.<br>Kay\u0131t son tarihi 05 A\u011fustos 2024&#8217;t\u00fcr.<br>\u00d6deme son tarihi 10 A\u011fustos 2024&#8217;t\u00fcr.<br>T\u00fcm yazarlar\u0131n ORCID numaralar\u0131n\u0131 yazmalar\u0131 gerekmektedir.<br>T\u00fcm yazarlar\u0131n e-posta ve ba\u011fl\u0131 kurulu\u015f adreslerinin yaz\u0131lmas\u0131 zorunludur.<br>\u00d6\u011frencilerin adres olarak ba\u011fl\u0131 olduklar\u0131 enstit\u00fcy\u00fc yazmalar\u0131 gerekmektedir.<br>Bildirilerde anahtar kelime ve kaynak\u00e7a yaz\u0131lmas\u0131 zorunludur (\u00d6zet ve Tam Metin).<br>Makalenizi Bildiri Kitab\u0131&#8217;nda yay\u0131nlamay\u0131 tercih etti\u011finiz takdirde tam metin makalenizin benzerlik y\u00fczdesinin %30&#8217;un alt\u0131nda olmas\u0131 ve raporun forma y\u00fcklenmesi gerekmektedir.<br>IFSCOM-E 2024 g\u00fcncel do\u00e7entlik ko\u015fullar\u0131n\u0131 sa\u011flamaktad\u0131r<\/p>\n","protected":false},"excerpt":{"rendered":"<p>Kay\u0131t formu yaln\u0131zca sunum yapan yazar taraf\u0131ndan doldurulacakt\u0131r.Kat\u0131l\u0131m belgesi sunumu yapan kat\u0131l\u0131mc\u0131 ad\u0131na d\u00fczenlenecektir.\u00c7al\u0131\u015fman\u0131n t\u00fcm yazarlar\u0131n\u0131n isimleri kat\u0131l\u0131m belgesinde yer alacakt\u0131r.Yaln\u0131zca kay\u0131t formuyla yap\u0131lan ba\u015fvurular kabul edilecektir.Kay\u0131t son tarihi 05 &hellip; <\/p>\n","protected":false},"author":1,"featured_media":0,"parent":0,"menu_order":0,"comment_status":"closed","ping_status":"closed","template":"","meta":{"footnotes":""},"class_list":["post-506","page","type-page","status-publish","hentry"],"_links":{"self":[{"href":"https:\/\/ifscom.com\/index.php?rest_route=\/wp\/v2\/pages\/506","targetHints":{"allow":["GET"]}}],"collection":[{"href":"https:\/\/ifscom.com\/index.php?rest_route=\/wp\/v2\/pages"}],"about":[{"href":"https:\/\/ifscom.com\/index.php?rest_route=\/wp\/v2\/types\/page"}],"author":[{"embeddable":true,"href":"https:\/\/ifscom.com\/index.php?rest_route=\/wp\/v2\/users\/1"}],"replies":[{"embeddable":true,"href":"https:\/\/ifscom.com\/index.php?rest_route=%2Fwp%2Fv2%2Fcomments&post=506"}],"version-history":[{"count":1,"href":"https:\/\/ifscom.com\/index.php?rest_route=\/wp\/v2\/pages\/506\/revisions"}],"predecessor-version":[{"id":507,"href":"https:\/\/ifscom.com\/index.php?rest_route=\/wp\/v2\/pages\/506\/revisions\/507"}],"wp:attachment":[{"href":"https:\/\/ifscom.com\/index.php?rest_route=%2Fwp%2Fv2%2Fmedia&parent=506"}],"curies":[{"name":"wp","href":"https:\/\/api.w.org\/{rel}","templated":true}]}}