{"id":129,"date":"2023-02-17T21:42:34","date_gmt":"2023-02-17T21:42:34","guid":{"rendered":"https:\/\/ifscom.com\/?page_id=129"},"modified":"2024-12-01T00:42:36","modified_gmt":"2024-12-01T00:42:36","slug":"form","status":"publish","type":"page","link":"https:\/\/ifscom.com\/?page_id=129","title":{"rendered":"LAST IFSCOMs"},"content":{"rendered":"\n<p><strong>2022 publications<\/strong><\/p>\n\n\n\n<p><a href=\"https:\/\/ifscom.com\/wp-content\/uploads\/2023\/03\/2022Abstract-Book.pdf\">2022 Abstract Book<\/a><\/p>\n\n\n\n<p><a href=\"https:\/\/ifscom.com\/wp-content\/uploads\/2023\/03\/2022Proceeding-Book.pdf\">2022 Proceeding Book<\/a><\/p>\n\n\n\n<p><a href=\"https:\/\/dergipark.org.tr\/tr\/pub\/jum\">Journal of Universal Mathematics<\/a><\/p>\n\n\n\n<p><a href=\"https:\/\/dergipark.org.tr\/en\/pub\/saufenbilder\">Sakarya University Journal of Science<\/a><\/p>\n\n\n\n<p class=\"has-vivid-cyan-blue-color has-text-color\"><em><a href=\"https:\/\/link.springer.com\/book\/9783031823411?srsltid=AfmBOoo_m4A90Ny317EnT1D2JK4_pc9WWk6nA_Yrl0XDWDm9QGp0tukh\">Springer Book<\/a><\/em> ( <em>Advanced Mathematics for the Modeling and Solution of Challenging Problems in Engineeringe process<\/em> )<\/p>\n\n\n\n<p><strong>2021 publications<\/strong><\/p>\n\n\n\n<p><a href=\"https:\/\/ifscom.com\/wp-content\/uploads\/2023\/03\/2021abstractbook.pdf\">2021 Abstract Book<\/a><\/p>\n\n\n\n<p><a href=\"https:\/\/ifscom.com\/wp-content\/uploads\/2023\/03\/2021-Proceeding-Book.pdf\">2021 Proceeding Book<\/a><\/p>\n\n\n\n<p><a href=\"https:\/\/dergipark.org.tr\/tr\/pub\/jum\">Journal of Universal Mathematics<\/a><\/p>\n\n\n\n<p><a href=\"https:\/\/link.springer.com\/book\/10.1007\/978-3-031-22042-5\">Springer Book<\/a><\/p>\n\n\n\n<p><\/p>\n\n\n\n<p>Previous Conferences<\/p>\n\n\n\n<ol start=\"1\" style=\"list-style-type:1\" class=\"wp-block-list\">\n<li>1st conference was held in&nbsp;13-19 November 2014&nbsp;in Mersin University\/Mersin\/T\u00dcRK\u0130YE<\/li>\n\n\n\n<li>2nd conference was held in&nbsp;14-18 October 2015&nbsp;in Lamos Hotel\/ Mersin\/ T\u00dcRK\u0130YE<\/li>\n\n\n\n<li>3rd conference was held in&nbsp;29 August\u201301 September 2016&nbsp;in Mersin University\/Mersin\/ T\u00dcRK\u0130YE<\/li>\n\n\n\n<li>4th conference was held in&nbsp;03\u201307 May&nbsp;2017 in Lamos Hotel\/ Mersin\/ T\u00dcRK\u0130YE<\/li>\n\n\n\n<li>5th conference was held in&nbsp;05-09 September&nbsp;2018 in Kahramanmara\u015f S\u00fct\u00e7\u00fc \u0130mam University\/ Kahramanmara\u015f\/ T\u00dcRK\u0130YE<\/li>\n\n\n\n<li>6th conference was held in 07-10 June 2019 in Mersin University\/Mersin\/ T\u00dcRK\u0130YE<\/li>\n\n\n\n<li>7th conference was held in 25-29 May 2021 (online) in Mersin\/ T\u00dcRK\u0130YE<\/li>\n\n\n\n<li>8th conference was held in 16-19 June 2022 (online) in Mersin\/ T\u00dcRK\u0130YE<\/li>\n<\/ol>\n","protected":false},"excerpt":{"rendered":"<p>2022 publications 2022 Abstract Book 2022 Proceeding Book Journal of Universal Mathematics Sakarya University Journal of Science Springer Book ( Advanced Mathematics for the Modeling and Solution of Challenging Problems &hellip; <\/p>\n","protected":false},"author":1,"featured_media":0,"parent":0,"menu_order":0,"comment_status":"closed","ping_status":"closed","template":"","meta":{"footnotes":""},"class_list":["post-129","page","type-page","status-publish","hentry"],"_links":{"self":[{"href":"https:\/\/ifscom.com\/index.php?rest_route=\/wp\/v2\/pages\/129","targetHints":{"allow":["GET"]}}],"collection":[{"href":"https:\/\/ifscom.com\/index.php?rest_route=\/wp\/v2\/pages"}],"about":[{"href":"https:\/\/ifscom.com\/index.php?rest_route=\/wp\/v2\/types\/page"}],"author":[{"embeddable":true,"href":"https:\/\/ifscom.com\/index.php?rest_route=\/wp\/v2\/users\/1"}],"replies":[{"embeddable":true,"href":"https:\/\/ifscom.com\/index.php?rest_route=%2Fwp%2Fv2%2Fcomments&post=129"}],"version-history":[{"count":9,"href":"https:\/\/ifscom.com\/index.php?rest_route=\/wp\/v2\/pages\/129\/revisions"}],"predecessor-version":[{"id":577,"href":"https:\/\/ifscom.com\/index.php?rest_route=\/wp\/v2\/pages\/129\/revisions\/577"}],"wp:attachment":[{"href":"https:\/\/ifscom.com\/index.php?rest_route=%2Fwp%2Fv2%2Fmedia&parent=129"}],"curies":[{"name":"wp","href":"https:\/\/api.w.org\/{rel}","templated":true}]}}